{"id":6,"date":"2019-09-03T06:45:05","date_gmt":"2019-09-03T06:45:05","guid":{"rendered":"http:\/\/localhost\/schulze\/?p=6"},"modified":"2022-11-22T10:41:17","modified_gmt":"2022-11-22T10:41:17","slug":"services","status":"publish","type":"page","link":"http:\/\/hs-gebaeudeservice.de\/?page_id=6","title":{"rendered":"Services"},"content":{"rendered":"<h1>Alles<br \/>\naus einer<br \/>\nHand<\/h1>\n<h2>Unsere Leistungen<\/h2>\n<div>\n<p>Wir sind ihr Partner f\u00fcr alle Belange rund um ihre Immobilie. Unsere Kunden und vor allem die von uns betreuten Objekte stehen bei uns an erster Stelle.<\/p>\n<\/div>\n<h2>Hausmeisterservice<\/h2>\n<ul>\n<li>\n<h3>Kleinstreparaturen<\/h3>\n<\/li>\n<li>\n<h3>M\u00f6belmontage<\/h3>\n<\/li>\n<li>\n<h3>Entr\u00fcmpelungen<\/h3>\n<\/li>\n<li>\n<h3>\u00dcberwachung der Ordnung<\/h3>\n<\/li>\n<li>\n<h3>Sicherheit von Objekten<\/h3>\n<\/li>\n<li>\n<h3>Ansprechpartner f\u00fcr Mieter<\/h3>\n<\/li>\n<li>\n<h3>M\u00fclltonnenservice<\/h3>\n<\/li>\n<li>\n<h3>Saisonale Arbeiten <\/h3>\n<\/li>\n<li>\n<h3>Winterdienst<\/h3>\n<\/li>\n<\/ul>\n<h2>Geb\u00e4udereinigung<\/h2>\n<ul>\n<li>\n<h3>B\u00fcroreinigung<\/h3>\n<\/li>\n<li>\n<h3>Treppenreinigung<\/h3>\n<\/li>\n<li>\n<h3>Aufgangsreinigung<\/h3>\n<\/li>\n<li>\n<h3>Fensterreinigung<\/h3>\n<\/li>\n<li>\n<h3>Glasreinigung<\/h3>\n<\/li>\n<li>\n<h3>Grundreinigung<\/h3>\n<\/li>\n<\/ul>\n<h2>Aussen\/Gr\u00fcnanlagenpflege<\/h2>\n<ul>\n<li>\n<h3>Aussenanlagen<\/h3>\n<\/li>\n<li>\n<h3>Laubbeseitigung<\/h3>\n<\/li>\n<li>\n<h3>Heckenschnitt<\/h3>\n<\/li>\n<li>\n<h3>Rasenpflege<\/h3>\n<\/li>\n<li>\n<h3>Unkrautbeseitigung<\/h3>\n<\/li>\n<li>\n<h3>und vieles mehr &#8230;<\/h3>\n<\/li>\n<\/ul>\n<h2>Senioren\/Haushaltshilfe<\/h2>\n<ul>\n<li>\n<h3>Unterst\u00fctzung im eigenen Zuhause<\/h3>\n<\/li>\n<li>\n<h3>Unterst\u00fctzung in der Haushaltsf\u00fchrung\/Wohnungsreinigung<\/h3>\n<\/li>\n<li>\n<h3>Begleitung ausser Haus z.B. Einkauf<\/h3>\n<\/li>\n<li>\n<h3>Hilfe bei Beh\u00f6rdeng\u00e4ngen<\/h3>\n<\/li>\n<li>\n<h3>Aktivierende Besch\u00e4ftigungsbetreuung<\/h3>\n<\/li>\n<li>\n<h3>und vieles mehr &#8230;<\/h3>\n<\/li>\n<\/ul>\n<p><!--more--><br \/>\n<!-- {\"name\":\"Services\",\"type\":\"layout\",\"children\":[{\"name\":\"Hero\",\"type\":\"section\",\"props\":{\"style\":\"secondary\",\"width\":\"\",\"vertical_align\":\"middle\",\"title_position\":\"top-left\",\"title_rotation\":\"left\",\"title_breakpoint\":\"xl\",\"image_position\":\"center-center\",\"padding\":\"xlarge\",\"header_transparent\":\"light\",\"header_transparent_noplaceholder\":true,\"image\":\"wp-content\\\/uploads\\\/yootheme\\\/services-hero.jpg\",\"image_effect\":\"parallax\",\"image_width\":\"2560\",\"image_height\":\"1440\",\"image_parallax_bgy\":\"-60,160\",\"image_loading\":true,\"image_parallax_easing\":\"1\"},\"children\":[{\"name\":\"\",\"type\":\"row\",\"props\":{\"layout\":\"1-2,1-2\",\"vertical_align\":true,\"width\":\"large\",\"column_gap\":\"large\",\"row_gap\":\"large\"},\"children\":[{\"name\":\"\",\"type\":\"column\",\"props\":{\"image_position\":\"center-center\",\"image\":\"\",\"width_xlarge\":\"1-2\",\"media_overlay_gradient\":\"\",\"position_sticky_breakpoint\":\"m\"},\"children\":[{\"name\":\"\",\"type\":\"headline\",\"props\":{\"title_element\":\"h1\",\"content\":\"Alles<br \/>\\naus einer<br \/>\\nHand\",\"title_style\":\"heading-large\",\"text_align\":\"left\",\"text_align_breakpoint\":\"m\",\"text_align_fallback\":\"center\",\"animation\":\"parallax\",\"parallax_end\":\"10vh + 10%\",\"parallax_y\":\"0,-40\",\"parallax_opacity\":\"1,0\",\"parallax_easing\":\"1\",\"link\":\"\"}}]},{\"name\":\"\",\"type\":\"column\",\"props\":{\"image_position\":\"center-center\",\"vertical_align\":\"middle\",\"width_xlarge\":\"1-2\",\"media_overlay_gradient\":\"\",\"position_sticky_breakpoint\":\"m\"},\"children\":[{\"name\":\"\",\"type\":\"headline\",\"props\":{\"title_element\":\"h2\",\"content\":\"Unsere Leistungen\",\"title_style\":\"h6\",\"title_decoration\":\"line\",\"text_align\":\"left\",\"text_align_breakpoint\":\"m\",\"text_align_fallback\":\"center\",\"animation\":\"parallax\",\"parallax_y\":\"0,-20\",\"parallax_opacity\":\"1,0\",\"parallax_easing\":\"1\"}},{\"name\":\"\",\"type\":\"text\",\"props\":{\"margin\":\"default\",\"column_breakpoint\":\"m\",\"content\":\"\n\n<p>Wir sind ihr Partner f\\u00fcr alle Belange rund um ihre Immobilie. Unsere Kunden und vor allem die von uns betreuten Objekte stehen bei uns an erster Stelle.<\\\/p>\",\"text_align\":\"left\",\"text_align_breakpoint\":\"m\",\"text_align_fallback\":\"center\",\"animation\":\"parallax\",\"parallax_end\":\"10vh + 10%\",\"parallax_y\":\"0,-20\",\"parallax_opacity\":\"1,0\",\"text_style\":\"large\",\"parallax_easing\":\"1\"}}]}]}]},{\"name\":\"Hausmeister\",\"type\":\"section\",\"props\":{\"width\":\"large\",\"padding\":\"xlarge\",\"style\":\"default\",\"media\":\"\",\"height_viewport\":false,\"header_overlay\":\"light\",\"padding_remove_top\":false,\"image_position\":\"top-center\",\"vertical_align\":\"middle\",\"title_position\":\"top-left\",\"title_rotation\":\"left\",\"title_breakpoint\":\"xl\",\"image\":\"wp-content\\\/uploads\\\/2022\\\/11\\\/hausmeister_1.jpeg-scaled.jpg\",\"image_effect\":\"parallax\",\"image_parallax_breakpoint\":\"m\",\"image_parallax_bgy\":\"-250,10\",\"id\":\"our-services\",\"image_parallax_easing\":\"1\",\"title\":\"Hausmeisterservice\",\"image_size\":\"cover\",\"media_overlay\":\"rgba(255, 255, 255, 0.85)\"},\"children\":[{\"name\":\"\",\"type\":\"row\",\"props\":{\"margin\":\"large\"},\"children\":[{\"name\":\"\",\"type\":\"column\",\"props\":{\"image_position\":\"center-left\",\"image\":\"wp-content\\\/uploads\\\/yootheme\\\/services-services-bg.svg\",\"style\":\"default\",\"width_medium\":\"1-1\",\"media_overlay_gradient\":\"\",\"media_visibility\":\"m\",\"position_sticky_breakpoint\":\"m\"},\"children\":[{\"name\":\"Hausmeister\",\"type\":\"headline\",\"props\":{\"title_element\":\"h2\",\"content\":\"Hausmeisterservice\",\"title_style\":\"heading-medium\",\"text_align\":\"left\",\"text_align_breakpoint\":\"s\",\"text_align_fallback\":\"center\",\"parallax_opacity\":\"0.2,1\"}}]}]},{\"name\":\"\",\"type\":\"row\",\"props\":{\"margin\":\"large\"},\"children\":[{\"name\":\"\",\"type\":\"column\",\"props\":{\"image_position\":\"center-center\",\"width_medium\":\"1-1\",\"media_overlay_gradient\":\"\",\"position_sticky_breakpoint\":\"m\"},\"children\":[{\"name\":\"\",\"type\":\"grid\",\"props\":{\"show_title\":true,\"show_meta\":true,\"show_content\":true,\"show_image\":true,\"show_link\":true,\"grid_default\":\"1\",\"grid_medium\":\"3\",\"title_element\":\"h3\",\"meta_style\":\"text-meta\",\"meta_align\":\"below-title\",\"image_align\":\"top\",\"image_grid_width\":\"1-2\",\"link_text\":\"Read more\",\"link_style\":\"default\",\"margin\":\"default\",\"grid_small\":\"2\",\"title_decoration\":\"bullet\",\"text_align\":\"left\",\"text_align_breakpoint\":\"s\",\"text_align_fallback\":\"center\",\"item_animation\":true,\"grid_column_gap\":\"large\",\"grid_row_gap\":\"large\",\"image_grid_breakpoint\":\"m\",\"icon_width\":80,\"filter_style\":\"tab\",\"filter_all\":true,\"filter_position\":\"top\",\"filter_align\":\"left\",\"filter_grid_width\":\"auto\",\"filter_grid_breakpoint\":\"m\",\"title_hover_style\":\"reset\",\"title_align\":\"top\",\"title_grid_width\":\"1-2\",\"title_grid_breakpoint\":\"m\",\"meta_element\":\"div\",\"content_column_breakpoint\":\"m\",\"image_svg_color\":\"emphasis\",\"animation\":\"parallax\",\"parallax_end\":\"80vh + 80%\",\"parallax_opacity\":\"0.2,1\",\"parallax_easing\":\"1\"},\"children\":[{\"name\":\"\",\"type\":\"grid_item\",\"props\":{\"content\":\"\",\"title\":\"Kleinstreparaturen\"}},{\"name\":\"\",\"type\":\"grid_item\",\"props\":{\"content\":\"\",\"title\":\"M\\u00f6belmontage\"}},{\"name\":\"\",\"type\":\"grid_item\",\"props\":{\"content\":\"\",\"title\":\"Entr\\u00fcmpelungen\"}},{\"name\":\"\",\"type\":\"grid_item\",\"props\":{\"content\":\"\",\"title\":\"\\u00dcberwachung der Ordnung\"}},{\"name\":\"\",\"type\":\"grid_item\",\"props\":{\"content\":\"\",\"title\":\"Sicherheit von Objekten\"}},{\"name\":\"\",\"type\":\"grid_item\",\"props\":{\"content\":\"\",\"title\":\"Ansprechpartner f\\u00fcr Mieter\"}},{\"type\":\"grid_item\",\"props\":{\"title\":\"M\\u00fclltonnenservice\"}},{\"type\":\"grid_item\",\"props\":{\"title\":\"Saisonale Arbeiten \"}},{\"type\":\"grid_item\",\"props\":{\"title\":\"Winterdienst\"}}]}]}]}]},{\"name\":\"Reinigung\",\"type\":\"section\",\"props\":{\"width\":\"large\",\"padding\":\"xlarge\",\"style\":\"default\",\"media\":\"\",\"height_viewport\":false,\"header_overlay\":\"light\",\"padding_remove_top\":false,\"image_position\":\"top-center\",\"vertical_align\":\"middle\",\"title_position\":\"top-left\",\"title_rotation\":\"left\",\"title_breakpoint\":\"xl\",\"image\":\"wp-content\\\/uploads\\\/2022\\\/11\\\/reinigung-scaled.jpeg\",\"image_effect\":\"parallax\",\"image_parallax_breakpoint\":\"m\",\"image_parallax_bgy\":\"-250,10\",\"id\":\"our-services\",\"image_parallax_easing\":\"1\",\"title\":\"Geb\\u00e4udereinigung\",\"preserve_color\":false,\"sticky\":\"\",\"media_overlay\":\"rgba(255, 255, 255, 0.85)\",\"image_size\":\"cover\"},\"children\":[{\"name\":\"\",\"type\":\"row\",\"props\":{\"margin\":\"large\"},\"children\":[{\"name\":\"\",\"type\":\"column\",\"props\":{\"image_position\":\"center-left\",\"image\":\"wp-content\\\/uploads\\\/yootheme\\\/services-services-bg.svg\",\"style\":\"default\",\"width_medium\":\"1-1\",\"media_overlay_gradient\":\"\",\"media_visibility\":\"m\",\"position_sticky_breakpoint\":\"m\"},\"children\":[{\"name\":\"\",\"type\":\"headline\",\"props\":{\"title_element\":\"h2\",\"content\":\"Geb\\u00e4udereinigung\",\"title_style\":\"heading-medium\",\"text_align\":\"left\",\"text_align_breakpoint\":\"s\",\"text_align_fallback\":\"center\",\"parallax_opacity\":\"0.2,1\",\"title_color\":\"danger\"}}]}]},{\"name\":\"\",\"type\":\"row\",\"props\":{\"margin\":\"large\"},\"children\":[{\"name\":\"\",\"type\":\"column\",\"props\":{\"image_position\":\"center-center\",\"width_medium\":\"1-1\",\"media_overlay_gradient\":\"\",\"position_sticky_breakpoint\":\"m\"},\"children\":[{\"name\":\"\",\"type\":\"grid\",\"props\":{\"show_title\":true,\"show_meta\":true,\"show_content\":true,\"show_image\":true,\"show_link\":true,\"grid_default\":\"1\",\"grid_medium\":\"3\",\"title_element\":\"h3\",\"meta_style\":\"text-meta\",\"meta_align\":\"below-title\",\"image_align\":\"top\",\"image_grid_width\":\"1-2\",\"link_text\":\"Read more\",\"link_style\":\"default\",\"margin\":\"default\",\"grid_small\":\"2\",\"title_decoration\":\"bullet\",\"text_align\":\"left\",\"text_align_breakpoint\":\"s\",\"text_align_fallback\":\"center\",\"item_animation\":true,\"grid_column_gap\":\"large\",\"grid_row_gap\":\"large\",\"image_grid_breakpoint\":\"m\",\"icon_width\":80,\"filter_style\":\"tab\",\"filter_all\":true,\"filter_position\":\"top\",\"filter_align\":\"left\",\"filter_grid_width\":\"auto\",\"filter_grid_breakpoint\":\"m\",\"title_hover_style\":\"reset\",\"title_align\":\"top\",\"title_grid_width\":\"1-2\",\"title_grid_breakpoint\":\"m\",\"meta_element\":\"div\",\"content_column_breakpoint\":\"m\",\"image_svg_color\":\"emphasis\",\"animation\":\"parallax\",\"parallax_end\":\"80vh + 80%\",\"parallax_opacity\":\"0.2,1\",\"parallax_easing\":\"1\"},\"children\":[{\"name\":\"\",\"type\":\"grid_item\",\"props\":{\"content\":\"\",\"title\":\"B\\u00fcroreinigung\"}},{\"name\":\"\",\"type\":\"grid_item\",\"props\":{\"content\":\"\",\"title\":\"Treppenreinigung\"}},{\"name\":\"\",\"type\":\"grid_item\",\"props\":{\"content\":\"\",\"title\":\"Aufgangsreinigung\"}},{\"name\":\"\",\"type\":\"grid_item\",\"props\":{\"content\":\"\",\"title\":\"Fensterreinigung\"}},{\"name\":\"\",\"type\":\"grid_item\",\"props\":{\"content\":\"\",\"title\":\"Glasreinigung\"}},{\"name\":\"\",\"type\":\"grid_item\",\"props\":{\"content\":\"\",\"title\":\"Grundreinigung\"}}]}]}]}]},{\"name\":\"Gr\\u00fcnanlagen\",\"type\":\"section\",\"props\":{\"width\":\"large\",\"padding\":\"xlarge\",\"style\":\"default\",\"media\":\"\",\"height_viewport\":false,\"header_overlay\":\"light\",\"padding_remove_top\":false,\"image_position\":\"top-center\",\"vertical_align\":\"middle\",\"title_position\":\"top-left\",\"title_rotation\":\"left\",\"title_breakpoint\":\"xl\",\"image\":\"wp-content\\\/uploads\\\/2022\\\/11\\\/gruen_1.jpeg-scaled.jpg\",\"image_effect\":\"parallax\",\"image_parallax_breakpoint\":\"m\",\"image_parallax_bgy\":\"-250,10\",\"id\":\"our-services\",\"image_parallax_easing\":\"1\",\"title\":\"Aussen\\\/Gr\\u00fcnanlagenpflege\",\"image_size\":\"cover\",\"media_overlay\":\"rgba(255, 255, 255, 0.85)\"},\"children\":[{\"name\":\"\",\"type\":\"row\",\"props\":{\"margin\":\"large\"},\"children\":[{\"name\":\"\",\"type\":\"column\",\"props\":{\"image_position\":\"center-left\",\"image\":\"wp-content\\\/uploads\\\/yootheme\\\/services-services-bg.svg\",\"style\":\"default\",\"width_medium\":\"1-1\",\"media_overlay_gradient\":\"\",\"media_visibility\":\"m\",\"position_sticky_breakpoint\":\"m\"},\"children\":[{\"name\":\"\",\"type\":\"headline\",\"props\":{\"title_element\":\"h2\",\"content\":\"Aussen\\\/Gr\\u00fcnanlagenpflege\",\"title_style\":\"heading-medium\",\"text_align\":\"left\",\"text_align_breakpoint\":\"s\",\"text_align_fallback\":\"center\",\"parallax_opacity\":\"0.2,1\",\"title_color\":\"success\"}}]}]},{\"name\":\"\",\"type\":\"row\",\"props\":{\"margin\":\"large\"},\"children\":[{\"name\":\"\",\"type\":\"column\",\"props\":{\"image_position\":\"center-center\",\"width_medium\":\"1-1\",\"media_overlay_gradient\":\"\",\"position_sticky_breakpoint\":\"m\"},\"children\":[{\"name\":\"\",\"type\":\"grid\",\"props\":{\"show_title\":true,\"show_meta\":true,\"show_content\":true,\"show_image\":true,\"show_link\":true,\"grid_default\":\"1\",\"grid_medium\":\"3\",\"title_element\":\"h3\",\"meta_style\":\"text-meta\",\"meta_align\":\"below-title\",\"image_align\":\"top\",\"image_grid_width\":\"1-2\",\"link_text\":\"Read more\",\"link_style\":\"default\",\"margin\":\"default\",\"grid_small\":\"2\",\"title_decoration\":\"bullet\",\"text_align\":\"left\",\"text_align_breakpoint\":\"s\",\"text_align_fallback\":\"center\",\"item_animation\":true,\"grid_column_gap\":\"large\",\"grid_row_gap\":\"large\",\"image_grid_breakpoint\":\"m\",\"icon_width\":80,\"filter_style\":\"tab\",\"filter_all\":true,\"filter_position\":\"top\",\"filter_align\":\"left\",\"filter_grid_width\":\"auto\",\"filter_grid_breakpoint\":\"m\",\"title_hover_style\":\"reset\",\"title_align\":\"top\",\"title_grid_width\":\"1-2\",\"title_grid_breakpoint\":\"m\",\"meta_element\":\"div\",\"content_column_breakpoint\":\"m\",\"image_svg_color\":\"emphasis\",\"animation\":\"parallax\",\"parallax_end\":\"80vh + 80%\",\"parallax_opacity\":\"0.2,1\",\"parallax_easing\":\"1\"},\"children\":[{\"name\":\"\",\"type\":\"grid_item\",\"props\":{\"content\":\"\",\"title\":\"Aussenanlagen\"}},{\"name\":\"\",\"type\":\"grid_item\",\"props\":{\"content\":\"\",\"title\":\"Laubbeseitigung\"}},{\"name\":\"\",\"type\":\"grid_item\",\"props\":{\"content\":\"\",\"title\":\"Heckenschnitt\"}},{\"name\":\"\",\"type\":\"grid_item\",\"props\":{\"content\":\"\",\"title\":\"Rasenpflege\"}},{\"name\":\"\",\"type\":\"grid_item\",\"props\":{\"content\":\"\",\"title\":\"Unkrautbeseitigung\"}},{\"name\":\"\",\"type\":\"grid_item\",\"props\":{\"content\":\"\",\"title\":\"und vieles mehr ...\"}}]}]}]}]},{\"name\":\"Senioren\",\"type\":\"section\",\"props\":{\"width\":\"large\",\"padding\":\"xlarge\",\"style\":\"default\",\"media\":\"\",\"height_viewport\":false,\"header_overlay\":\"light\",\"padding_remove_top\":false,\"image_position\":\"top-center\",\"vertical_align\":\"middle\",\"title_position\":\"top-left\",\"title_rotation\":\"left\",\"title_breakpoint\":\"xl\",\"image\":\"wp-content\\\/uploads\\\/2022\\\/11\\\/senioren_1.jpeg-scaled.jpg\",\"image_effect\":\"parallax\",\"image_parallax_breakpoint\":\"m\",\"image_parallax_bgy\":\"-250,10\",\"id\":\"our-services\",\"image_parallax_easing\":\"1\",\"title\":\"Senioren\\\/Haushaltshilfe\",\"image_size\":\"cover\",\"media_overlay\":\"rgba(255, 255, 255, 0.83)\"},\"children\":[{\"name\":\"\",\"type\":\"row\",\"props\":{\"margin\":\"large\"},\"children\":[{\"name\":\"\",\"type\":\"column\",\"props\":{\"image_position\":\"center-left\",\"image\":\"wp-content\\\/uploads\\\/yootheme\\\/services-services-bg.svg\",\"style\":\"default\",\"width_medium\":\"1-1\",\"media_overlay_gradient\":\"\",\"media_visibility\":\"m\",\"position_sticky_breakpoint\":\"m\"},\"children\":[{\"name\":\"\",\"type\":\"headline\",\"props\":{\"title_element\":\"h2\",\"content\":\"Senioren\\\/Haushaltshilfe\",\"title_style\":\"heading-medium\",\"text_align\":\"left\",\"text_align_breakpoint\":\"s\",\"text_align_fallback\":\"center\",\"parallax_opacity\":\"0.2,1\",\"title_color\":\"warning\"}}]}]},{\"name\":\"\",\"type\":\"row\",\"props\":{\"margin\":\"large\"},\"children\":[{\"name\":\"\",\"type\":\"column\",\"props\":{\"image_position\":\"center-center\",\"width_medium\":\"1-1\",\"media_overlay_gradient\":\"\",\"position_sticky_breakpoint\":\"m\"},\"children\":[{\"name\":\"\",\"type\":\"grid\",\"props\":{\"show_title\":true,\"show_meta\":true,\"show_content\":true,\"show_image\":true,\"show_link\":true,\"grid_default\":\"1\",\"grid_medium\":\"3\",\"title_element\":\"h3\",\"meta_style\":\"text-meta\",\"meta_align\":\"below-title\",\"image_align\":\"top\",\"image_grid_width\":\"1-2\",\"link_text\":\"Read more\",\"link_style\":\"default\",\"margin\":\"default\",\"grid_small\":\"2\",\"title_decoration\":\"bullet\",\"text_align\":\"left\",\"text_align_breakpoint\":\"s\",\"text_align_fallback\":\"center\",\"item_animation\":true,\"grid_column_gap\":\"large\",\"grid_row_gap\":\"large\",\"image_grid_breakpoint\":\"m\",\"icon_width\":80,\"filter_style\":\"tab\",\"filter_all\":true,\"filter_position\":\"top\",\"filter_align\":\"left\",\"filter_grid_width\":\"auto\",\"filter_grid_breakpoint\":\"m\",\"title_hover_style\":\"reset\",\"title_align\":\"top\",\"title_grid_width\":\"1-2\",\"title_grid_breakpoint\":\"m\",\"meta_element\":\"div\",\"content_column_breakpoint\":\"m\",\"image_svg_color\":\"emphasis\",\"animation\":\"parallax\",\"parallax_end\":\"80vh + 80%\",\"parallax_opacity\":\"0.2,1\",\"parallax_easing\":\"1\"},\"children\":[{\"name\":\"\",\"type\":\"grid_item\",\"props\":{\"content\":\"\",\"title\":\"Unterst\\u00fctzung im eigenen Zuhause\"}},{\"name\":\"\",\"type\":\"grid_item\",\"props\":{\"content\":\"\",\"title\":\"Unterst\\u00fctzung in der Haushaltsf\\u00fchrung\\\/Wohnungsreinigung\"}},{\"name\":\"\",\"type\":\"grid_item\",\"props\":{\"content\":\"\",\"title\":\"Begleitung ausser Haus z.B. Einkauf\"}},{\"name\":\"\",\"type\":\"grid_item\",\"props\":{\"content\":\"\",\"title\":\"Hilfe bei Beh\\u00f6rdeng\\u00e4ngen\"}},{\"name\":\"\",\"type\":\"grid_item\",\"props\":{\"content\":\"\",\"title\":\"Aktivierende Besch\\u00e4ftigungsbetreuung\"}},{\"name\":\"\",\"type\":\"grid_item\",\"props\":{\"content\":\"\",\"title\":\"und vieles mehr ...\"}}]}]}]}]}],\"version\":\"3.0.9\"} --><\/p>\n","protected":false},"excerpt":{"rendered":"<p>Alles aus einer Hand Unsere Leistungen Wir sind ihr Partner f\u00fcr alle Belange rund um ihre Immobilie. Unsere Kunden und vor allem die von uns betreuten Objekte stehen bei uns an erster Stelle. Hausmeisterservice Kleinstreparaturen M\u00f6belmontage Entr\u00fcmpelungen \u00dcberwachung der Ordnung Sicherheit von Objekten Ansprechpartner f\u00fcr Mieter M\u00fclltonnenservice Saisonale Arbeiten Winterdienst Geb\u00e4udereinigung B\u00fcroreinigung Treppenreinigung Aufgangsreinigung Fensterreinigung [&hellip;]<\/p>\n","protected":false},"author":1,"featured_media":0,"parent":0,"menu_order":7,"comment_status":"open","ping_status":"open","template":"","meta":{"footnotes":""},"class_list":["post-6","page","type-page","status-publish","hentry"],"acf":[],"_links":{"self":[{"href":"http:\/\/hs-gebaeudeservice.de\/index.php?rest_route=\/wp\/v2\/pages\/6","targetHints":{"allow":["GET"]}}],"collection":[{"href":"http:\/\/hs-gebaeudeservice.de\/index.php?rest_route=\/wp\/v2\/pages"}],"about":[{"href":"http:\/\/hs-gebaeudeservice.de\/index.php?rest_route=\/wp\/v2\/types\/page"}],"author":[{"embeddable":true,"href":"http:\/\/hs-gebaeudeservice.de\/index.php?rest_route=\/wp\/v2\/users\/1"}],"replies":[{"embeddable":true,"href":"http:\/\/hs-gebaeudeservice.de\/index.php?rest_route=%2Fwp%2Fv2%2Fcomments&post=6"}],"version-history":[{"count":33,"href":"http:\/\/hs-gebaeudeservice.de\/index.php?rest_route=\/wp\/v2\/pages\/6\/revisions"}],"predecessor-version":[{"id":1161,"href":"http:\/\/hs-gebaeudeservice.de\/index.php?rest_route=\/wp\/v2\/pages\/6\/revisions\/1161"}],"wp:attachment":[{"href":"http:\/\/hs-gebaeudeservice.de\/index.php?rest_route=%2Fwp%2Fv2%2Fmedia&parent=6"}],"curies":[{"name":"wp","href":"https:\/\/api.w.org\/{rel}","templated":true}]}}